{"id":182,"date":"2019-03-24T18:24:22","date_gmt":"2019-03-24T21:24:22","guid":{"rendered":"http:\/\/boecio.cl\/?page_id=182"},"modified":"2019-04-02T19:26:52","modified_gmt":"2019-04-02T22:26:52","slug":"destacados-y-estrenos","status":"publish","type":"page","link":"https:\/\/boecio.cl\/?page_id=182","title":{"rendered":"Destacados y Estrenos"},"content":{"rendered":"\t\t<div data-elementor-type=\"wp-post\" data-elementor-id=\"182\" class=\"elementor elementor-182 elementor-bc-flex-widget\">\n\t\t\t\t\t\t<section class=\"elementor-section elementor-top-section elementor-element elementor-element-48c75ee elementor-section-boxed elementor-section-height-default elementor-section-height-default\" data-id=\"48c75ee\" data-element_type=\"section\">\n\t\t\t\t\t\t<div class=\"elementor-container elementor-column-gap-default\">\n\t\t\t\t\t<div class=\"elementor-column elementor-col-50 elementor-top-column elementor-element elementor-element-8b4dd04\" data-id=\"8b4dd04\" data-element_type=\"column\">\n\t\t\t<div class=\"elementor-widget-wrap elementor-element-populated\">\n\t\t\t\t\t\t<div class=\"elementor-element elementor-element-44e3f30 elementor-widget elementor-widget-text-editor\" data-id=\"44e3f30\" data-element_type=\"widget\" data-widget_type=\"text-editor.default\">\n\t\t\t\t<div class=\"elementor-widget-container\">\n\t\t\t\t\t\t\t<p><img fetchpriority=\"high\" decoding=\"async\" class=\" wp-image-233 aligncenter\" src=\"https:\/\/boecio.cl\/wp-content\/uploads\/2019\/03\/Orquesta-IMG_8224.1-200x300.jpg\" alt=\"\" width=\"228\" height=\"342\" srcset=\"https:\/\/boecio.cl\/wp-content\/uploads\/2019\/03\/Orquesta-IMG_8224.1-200x300.jpg 200w, https:\/\/boecio.cl\/wp-content\/uploads\/2019\/03\/Orquesta-IMG_8224.1-768x1152.jpg 768w, https:\/\/boecio.cl\/wp-content\/uploads\/2019\/03\/Orquesta-IMG_8224.1-683x1024.jpg 683w\" sizes=\"(max-width: 228px) 100vw, 228px\" \/><\/p><p><img decoding=\"async\" class=\"size-medium wp-image-232 aligncenter\" src=\"https:\/\/boecio.cl\/wp-content\/uploads\/2019\/03\/DSC_0067-300x169.jpg\" alt=\"\" width=\"300\" height=\"169\" srcset=\"https:\/\/boecio.cl\/wp-content\/uploads\/2019\/03\/DSC_0067-300x169.jpg 300w, https:\/\/boecio.cl\/wp-content\/uploads\/2019\/03\/DSC_0067-768x432.jpg 768w, https:\/\/boecio.cl\/wp-content\/uploads\/2019\/03\/DSC_0067-1024x576.jpg 1024w\" sizes=\"(max-width: 300px) 100vw, 300px\" \/>\u00a0<\/p>\t\t\t\t\t\t<\/div>\n\t\t\t\t<\/div>\n\t\t\t\t\t<\/div>\n\t\t<\/div>\n\t\t\t\t<div class=\"elementor-column elementor-col-50 elementor-top-column elementor-element elementor-element-f222e50\" data-id=\"f222e50\" data-element_type=\"column\">\n\t\t\t<div class=\"elementor-widget-wrap elementor-element-populated\">\n\t\t\t\t\t\t<div class=\"elementor-element elementor-element-da81a6c elementor-widget elementor-widget-text-editor\" data-id=\"da81a6c\" data-element_type=\"widget\" data-widget_type=\"text-editor.default\">\n\t\t\t\t<div class=\"elementor-widget-container\">\n\t\t\t\t\t\t\t<h4>Proyectos Destacados<\/h4><ul><li>Proyecto \u201cMusimonos\u201d propuesta musical, apoyada por teatro documental, con efectos especiales en peque\u00f1o formato.<\/li><li>Festival de M\u00fasica Rosita Renard de Pirque para su XV versi\u00f3n, en el marco de la reactivaci\u00f3n, despu\u00e9s de ocho a\u00f1os de receso del emblem\u00e1tico festival.<\/li><li>Rescate patrimonial \u201cMisas de Jos\u00e9 de Campderr\u00f3s, \u00faltimo maestro de capilla de la colonia en Chile (1793- 1811); revisi\u00f3n y difusi\u00f3n de su legado musical conservado en la Catedral Metropolitana de Santiago de Chile\u201d.<\/li><li>\u201cArte vivo\u201d, la posibilidad de mejorar los niveles de bienestar escolar a trav\u00e9s de la m\u00fasica.<\/li><\/ul><h4>Estrenos<\/h4><ul><li>Estreno en la Catedral de Santiago de Chile de la Misa en mi mayor de Jos\u00e9 de Campderr\u00f3s, (\u00faltimo maestro de capilla del per\u00edodo colonial de la Catedral Metropolitana de Santiago,obra de 1801).<\/li><li>Estrenos Dixit Dominus rv 809, Lauda Jerusalem 609 de Antonio Vivaldi.<\/li><li>Figura Humana de Francis Poulenc.<\/li><\/ul><h4>Video de Arte Vivo<\/h4>\t\t\t\t\t\t<\/div>\n\t\t\t\t<\/div>\n\t\t\t\t\t<\/div>\n\t\t<\/div>\n\t\t\t\t\t<\/div>\n\t\t<\/section>\n\t\t\t\t<section class=\"elementor-section elementor-top-section elementor-element elementor-element-08e6152 elementor-section-boxed elementor-section-height-default elementor-section-height-default\" data-id=\"08e6152\" data-element_type=\"section\">\n\t\t\t\t\t\t<div class=\"elementor-container elementor-column-gap-default\">\n\t\t\t\t\t<div class=\"elementor-column elementor-col-50 elementor-top-column elementor-element elementor-element-8714b56\" data-id=\"8714b56\" data-element_type=\"column\">\n\t\t\t<div class=\"elementor-widget-wrap\">\n\t\t\t\t\t\t\t<\/div>\n\t\t<\/div>\n\t\t\t\t<div class=\"elementor-column elementor-col-50 elementor-top-column elementor-element elementor-element-d8fff24\" data-id=\"d8fff24\" data-element_type=\"column\">\n\t\t\t<div class=\"elementor-widget-wrap elementor-element-populated\">\n\t\t\t\t\t\t<div class=\"elementor-element elementor-element-0e406d7 elementor-widget elementor-widget-video\" data-id=\"0e406d7\" data-element_type=\"widget\" data-settings=\"{&quot;youtube_url&quot;:&quot;https:\\\/\\\/www.youtube.com\\\/watch?v=cbr8czbqkMg&quot;,&quot;video_type&quot;:&quot;youtube&quot;,&quot;controls&quot;:&quot;yes&quot;}\" data-widget_type=\"video.default\">\n\t\t\t\t<div class=\"elementor-widget-container\">\n\t\t\t\t\t<div class=\"elementor-wrapper elementor-open-inline\">\n\t\t\t<div class=\"elementor-video\"><\/div>\t\t<\/div>\n\t\t\t\t<\/div>\n\t\t\t\t<\/div>\n\t\t\t\t\t<\/div>\n\t\t<\/div>\n\t\t\t\t\t<\/div>\n\t\t<\/section>\n\t\t\t\t<\/div>\n\t\t","protected":false},"excerpt":{"rendered":"<p>\u00a0 Proyectos Destacados Proyecto \u201cMusimonos\u201d propuesta musical, apoyada por teatro documental, con efectos especiales en peque\u00f1o formato. Festival de M\u00fasica Rosita Renard de Pirque para su XV versi\u00f3n, en el marco de la reactivaci\u00f3n, despu\u00e9s de ocho a\u00f1os de receso del emblem\u00e1tico festival. Rescate patrimonial \u201cMisas de Jos\u00e9 de Campderr\u00f3s, \u00faltimo maestro de capilla de [&hellip;]<\/p>\n","protected":false},"author":1,"featured_media":0,"parent":0,"menu_order":0,"comment_status":"closed","ping_status":"closed","template":"","meta":{"footnotes":""},"_links":{"self":[{"href":"https:\/\/boecio.cl\/index.php?rest_route=\/wp\/v2\/pages\/182"}],"collection":[{"href":"https:\/\/boecio.cl\/index.php?rest_route=\/wp\/v2\/pages"}],"about":[{"href":"https:\/\/boecio.cl\/index.php?rest_route=\/wp\/v2\/types\/page"}],"author":[{"embeddable":true,"href":"https:\/\/boecio.cl\/index.php?rest_route=\/wp\/v2\/users\/1"}],"replies":[{"embeddable":true,"href":"https:\/\/boecio.cl\/index.php?rest_route=%2Fwp%2Fv2%2Fcomments&post=182"}],"version-history":[{"count":7,"href":"https:\/\/boecio.cl\/index.php?rest_route=\/wp\/v2\/pages\/182\/revisions"}],"predecessor-version":[{"id":272,"href":"https:\/\/boecio.cl\/index.php?rest_route=\/wp\/v2\/pages\/182\/revisions\/272"}],"wp:attachment":[{"href":"https:\/\/boecio.cl\/index.php?rest_route=%2Fwp%2Fv2%2Fmedia&parent=182"}],"curies":[{"name":"wp","href":"https:\/\/api.w.org\/{rel}","templated":true}]}}