{"id":188,"date":"2019-03-24T18:26:31","date_gmt":"2019-03-24T21:26:31","guid":{"rendered":"http:\/\/boecio.cl\/?page_id=188"},"modified":"2019-03-24T20:33:51","modified_gmt":"2019-03-24T23:33:51","slug":"fundador-y-direccion-general","status":"publish","type":"page","link":"https:\/\/boecio.cl\/?page_id=188","title":{"rendered":"Fundador y Director"},"content":{"rendered":"\t\t<div data-elementor-type=\"wp-post\" data-elementor-id=\"188\" class=\"elementor elementor-188 elementor-bc-flex-widget\">\n\t\t\t\t\t\t<section class=\"elementor-section elementor-top-section elementor-element elementor-element-5161f09 elementor-section-boxed elementor-section-height-default elementor-section-height-default\" data-id=\"5161f09\" data-element_type=\"section\">\n\t\t\t\t\t\t<div class=\"elementor-container elementor-column-gap-default\">\n\t\t\t\t\t<div class=\"elementor-column elementor-col-50 elementor-top-column elementor-element elementor-element-7f95fbb\" data-id=\"7f95fbb\" data-element_type=\"column\">\n\t\t\t<div class=\"elementor-widget-wrap elementor-element-populated\">\n\t\t\t\t\t\t<div class=\"elementor-element elementor-element-94ffba2 elementor-widget elementor-widget-image\" data-id=\"94ffba2\" data-element_type=\"widget\" data-widget_type=\"image.default\">\n\t\t\t\t<div class=\"elementor-widget-container\">\n\t\t\t\t\t\t\t\t\t\t\t\t\t<img fetchpriority=\"high\" decoding=\"async\" width=\"640\" height=\"800\" src=\"https:\/\/boecio.cl\/wp-content\/uploads\/2019\/03\/ricardo-gonzalez-819x1024.jpg\" class=\"attachment-large size-large wp-image-191\" alt=\"\" srcset=\"https:\/\/boecio.cl\/wp-content\/uploads\/2019\/03\/ricardo-gonzalez-819x1024.jpg 819w, https:\/\/boecio.cl\/wp-content\/uploads\/2019\/03\/ricardo-gonzalez-240x300.jpg 240w, https:\/\/boecio.cl\/wp-content\/uploads\/2019\/03\/ricardo-gonzalez-768x960.jpg 768w, https:\/\/boecio.cl\/wp-content\/uploads\/2019\/03\/ricardo-gonzalez.jpg 947w\" sizes=\"(max-width: 640px) 100vw, 640px\" \/>\t\t\t\t\t\t\t\t\t\t\t\t\t<\/div>\n\t\t\t\t<\/div>\n\t\t\t\t\t<\/div>\n\t\t<\/div>\n\t\t\t\t<div class=\"elementor-column elementor-col-50 elementor-top-column elementor-element elementor-element-b53fd7d\" data-id=\"b53fd7d\" data-element_type=\"column\">\n\t\t\t<div class=\"elementor-widget-wrap elementor-element-populated\">\n\t\t\t\t\t\t<div class=\"elementor-element elementor-element-a960d69 elementor-widget elementor-widget-text-editor\" data-id=\"a960d69\" data-element_type=\"widget\" data-widget_type=\"text-editor.default\">\n\t\t\t\t<div class=\"elementor-widget-container\">\n\t\t\t\t\t\t\t<h4>Fundador y Direcci\u00f3n General<\/h4><p><strong>Ricardo Gonz\u00e1lez Mu\u00f1oz<\/strong><br \/>Actualmente es integrante de la Orquesta Sinf\u00f3nica Nacional de Chile.<br \/>Dentro de su carrera profesional destaca su participaci\u00f3n en la Orquesta Filarm\u00f3nica del Teatro Municipal de Santiago y en la Orquesta Cl\u00e1sica de la Universidad de Santiago de Chile en el cargo de asistente de concertino. <br \/>Realiz\u00f3 sus estudios musicales en la Facultad de Artes de la Universidad de Chile. en la carrera de Interpretaci\u00f3n musical menci\u00f3n viol\u00edn, en las c\u00e1tedras de la profesora Norma Kokish y del maestro Jaime de la Jara.. Ha tomado cursos de perfeccionamiento con los maestros Sergio Prieto y de viol\u00edn barroco con los maestros Francois Fern\u00e1ndez y Rodolfo Marchesini.<\/p>\t\t\t\t\t\t<\/div>\n\t\t\t\t<\/div>\n\t\t\t\t\t<\/div>\n\t\t<\/div>\n\t\t\t\t\t<\/div>\n\t\t<\/section>\n\t\t\t\t<\/div>\n\t\t","protected":false},"excerpt":{"rendered":"<p>Fundador y Direcci\u00f3n General Ricardo Gonz\u00e1lez Mu\u00f1ozActualmente es integrante de la Orquesta Sinf\u00f3nica Nacional de Chile.Dentro de su carrera profesional destaca su participaci\u00f3n en la Orquesta Filarm\u00f3nica del Teatro Municipal de Santiago y en la Orquesta Cl\u00e1sica de la Universidad de Santiago de Chile en el cargo de asistente de concertino. Realiz\u00f3 sus estudios musicales [&hellip;]<\/p>\n","protected":false},"author":1,"featured_media":0,"parent":0,"menu_order":0,"comment_status":"closed","ping_status":"closed","template":"","meta":{"footnotes":""},"_links":{"self":[{"href":"https:\/\/boecio.cl\/index.php?rest_route=\/wp\/v2\/pages\/188"}],"collection":[{"href":"https:\/\/boecio.cl\/index.php?rest_route=\/wp\/v2\/pages"}],"about":[{"href":"https:\/\/boecio.cl\/index.php?rest_route=\/wp\/v2\/types\/page"}],"author":[{"embeddable":true,"href":"https:\/\/boecio.cl\/index.php?rest_route=\/wp\/v2\/users\/1"}],"replies":[{"embeddable":true,"href":"https:\/\/boecio.cl\/index.php?rest_route=%2Fwp%2Fv2%2Fcomments&post=188"}],"version-history":[{"count":3,"href":"https:\/\/boecio.cl\/index.php?rest_route=\/wp\/v2\/pages\/188\/revisions"}],"predecessor-version":[{"id":230,"href":"https:\/\/boecio.cl\/index.php?rest_route=\/wp\/v2\/pages\/188\/revisions\/230"}],"wp:attachment":[{"href":"https:\/\/boecio.cl\/index.php?rest_route=%2Fwp%2Fv2%2Fmedia&parent=188"}],"curies":[{"name":"wp","href":"https:\/\/api.w.org\/{rel}","templated":true}]}}