{"id":194,"date":"2019-03-24T18:31:15","date_gmt":"2019-03-24T21:31:15","guid":{"rendered":"http:\/\/boecio.cl\/?page_id=194"},"modified":"2019-03-24T21:04:14","modified_gmt":"2019-03-25T00:04:14","slug":"nombre-corporativo","status":"publish","type":"page","link":"https:\/\/boecio.cl\/?page_id=194","title":{"rendered":"Nombre Corporativo"},"content":{"rendered":"\t\t<div data-elementor-type=\"wp-post\" data-elementor-id=\"194\" class=\"elementor elementor-194 elementor-bc-flex-widget\">\n\t\t\t\t\t\t<section class=\"elementor-section elementor-top-section elementor-element elementor-element-e2c751f elementor-section-boxed elementor-section-height-default elementor-section-height-default\" data-id=\"e2c751f\" data-element_type=\"section\">\n\t\t\t\t\t\t<div class=\"elementor-container elementor-column-gap-default\">\n\t\t\t\t\t<div class=\"elementor-column elementor-col-50 elementor-top-column elementor-element elementor-element-39b28c2\" data-id=\"39b28c2\" data-element_type=\"column\">\n\t\t\t<div class=\"elementor-widget-wrap elementor-element-populated\">\n\t\t\t\t\t\t<div class=\"elementor-element elementor-element-638067a elementor-widget elementor-widget-image\" data-id=\"638067a\" data-element_type=\"widget\" data-widget_type=\"image.default\">\n\t\t\t\t<div class=\"elementor-widget-container\">\n\t\t\t\t\t\t\t\t\t\t<figure class=\"wp-caption\">\n\t\t\t\t\t\t\t\t\t\t<img fetchpriority=\"high\" decoding=\"async\" width=\"640\" height=\"489\" src=\"https:\/\/boecio.cl\/wp-content\/uploads\/2019\/03\/800px-Boethius_initial_consolation_philosophy.jpg\" class=\"attachment-large size-large wp-image-196\" alt=\"\" srcset=\"https:\/\/boecio.cl\/wp-content\/uploads\/2019\/03\/800px-Boethius_initial_consolation_philosophy.jpg 800w, https:\/\/boecio.cl\/wp-content\/uploads\/2019\/03\/800px-Boethius_initial_consolation_philosophy-300x229.jpg 300w, https:\/\/boecio.cl\/wp-content\/uploads\/2019\/03\/800px-Boethius_initial_consolation_philosophy-768x587.jpg 768w\" sizes=\"(max-width: 640px) 100vw, 640px\" \/>\t\t\t\t\t\t\t\t\t\t\t<figcaption class=\"widget-image-caption wp-caption-text\">Boecio ense\u00f1ando a sus alumnos del folio 4r de un manuscrito de La consolaci\u00f3n de la filosof\u00eda (Italia ?, 1385)<\/figcaption>\n\t\t\t\t\t\t\t\t\t\t<\/figure>\n\t\t\t\t\t\t\t<\/div>\n\t\t\t\t<\/div>\n\t\t\t\t\t<\/div>\n\t\t<\/div>\n\t\t\t\t<div class=\"elementor-column elementor-col-50 elementor-top-column elementor-element elementor-element-c39b486\" data-id=\"c39b486\" data-element_type=\"column\">\n\t\t\t<div class=\"elementor-widget-wrap elementor-element-populated\">\n\t\t\t\t\t\t<div class=\"elementor-element elementor-element-e3e69f5 elementor-widget elementor-widget-text-editor\" data-id=\"e3e69f5\" data-element_type=\"widget\" data-widget_type=\"text-editor.default\">\n\t\t\t\t<div class=\"elementor-widget-container\">\n\t\t\t\t\t\t\t<h4 style=\"text-align: center;\"><em>Anicio Manlio Torcuato Severino BOECIO<\/em><\/h4><p style=\"text-align: center;\">o el \u201ctrasvase musical\u201d para occidente.<\/p><p>A.M.T.S. Boecio fue un Fil\u00f3sofo,erudito, escritor y pol\u00edtico romano (480 &#8211; 524 d.c.) que sirvi\u00f3 para la corte Ostrogoda de Teodorico el Grande.<\/p><p>Boecio fue el erudito m\u00e1s importante del occidente latino del S. V d.c. Es la figura que rescata las antiguas tradiciones musicales griegas, especialmente la tradici\u00f3n Pitag\u00f3rica que abundaba en contenido filos\u00f3fico y es el punto de partida para toda la especulaci\u00f3n \u201cmusicol\u00f3gica\u201d posterior. Su \u201cInstitutio musica\u201d es el primer gran monumento de la teor\u00eda musical del medioevo, sentando las bases para todo el desarrollo de la m\u00fasica occidental posterior.<\/p><p>Al constituirse en la historia como uno de los puentes m\u00e1s importantes para el conocimiento y trasvase cultural de la tradici\u00f3n musical griega, Boecio se instala como el transmisor del esp\u00edritu de la m\u00fasica para Occidente.<\/p><p>Nosotros destacamos su figura y simbolizamos con ello la voluntad de rescatar el valor y verdadero esp\u00edritu de la m\u00fasica para nuestro tiempo\u2026<\/p>\t\t\t\t\t\t<\/div>\n\t\t\t\t<\/div>\n\t\t\t\t\t<\/div>\n\t\t<\/div>\n\t\t\t\t\t<\/div>\n\t\t<\/section>\n\t\t\t\t<\/div>\n\t\t","protected":false},"excerpt":{"rendered":"<p>Boecio ense\u00f1ando a sus alumnos del folio 4r de un manuscrito de La consolaci\u00f3n de la filosof\u00eda (Italia ?, 1385) Anicio Manlio Torcuato Severino BOECIO o el \u201ctrasvase musical\u201d para occidente. A.M.T.S. Boecio fue un Fil\u00f3sofo,erudito, escritor y pol\u00edtico romano (480 &#8211; 524 d.c.) que sirvi\u00f3 para la corte Ostrogoda de Teodorico el Grande. Boecio [&hellip;]<\/p>\n","protected":false},"author":1,"featured_media":0,"parent":0,"menu_order":0,"comment_status":"closed","ping_status":"closed","template":"","meta":{"footnotes":""},"_links":{"self":[{"href":"https:\/\/boecio.cl\/index.php?rest_route=\/wp\/v2\/pages\/194"}],"collection":[{"href":"https:\/\/boecio.cl\/index.php?rest_route=\/wp\/v2\/pages"}],"about":[{"href":"https:\/\/boecio.cl\/index.php?rest_route=\/wp\/v2\/types\/page"}],"author":[{"embeddable":true,"href":"https:\/\/boecio.cl\/index.php?rest_route=\/wp\/v2\/users\/1"}],"replies":[{"embeddable":true,"href":"https:\/\/boecio.cl\/index.php?rest_route=%2Fwp%2Fv2%2Fcomments&post=194"}],"version-history":[{"count":4,"href":"https:\/\/boecio.cl\/index.php?rest_route=\/wp\/v2\/pages\/194\/revisions"}],"predecessor-version":[{"id":238,"href":"https:\/\/boecio.cl\/index.php?rest_route=\/wp\/v2\/pages\/194\/revisions\/238"}],"wp:attachment":[{"href":"https:\/\/boecio.cl\/index.php?rest_route=%2Fwp%2Fv2%2Fmedia&parent=194"}],"curies":[{"name":"wp","href":"https:\/\/api.w.org\/{rel}","templated":true}]}}