{"id":51,"date":"2019-03-09T12:39:53","date_gmt":"2019-03-09T15:39:53","guid":{"rendered":"http:\/\/boecio.cl\/?page_id=51"},"modified":"2019-04-02T19:33:31","modified_gmt":"2019-04-02T22:33:31","slug":"proyectos-educativos","status":"publish","type":"page","link":"https:\/\/boecio.cl\/?page_id=51","title":{"rendered":"Modalidades de Servicio"},"content":{"rendered":"\t\t<div data-elementor-type=\"wp-post\" data-elementor-id=\"51\" class=\"elementor elementor-51 elementor-bc-flex-widget\">\n\t\t\t\t\t\t<section class=\"elementor-section elementor-top-section elementor-element elementor-element-456cfdc elementor-section-boxed elementor-section-height-default elementor-section-height-default\" data-id=\"456cfdc\" data-element_type=\"section\">\n\t\t\t\t\t\t<div class=\"elementor-container elementor-column-gap-default\">\n\t\t\t\t\t<div class=\"elementor-column elementor-col-50 elementor-top-column elementor-element elementor-element-884cb25\" data-id=\"884cb25\" data-element_type=\"column\">\n\t\t\t<div class=\"elementor-widget-wrap elementor-element-populated\">\n\t\t\t\t\t\t<div class=\"elementor-element elementor-element-689e1b3 elementor-widget elementor-widget-video\" data-id=\"689e1b3\" data-element_type=\"widget\" data-settings=\"{&quot;youtube_url&quot;:&quot;https:\\\/\\\/www.youtube.com\\\/watch?v=scd-a0o8Hvc&quot;,&quot;video_type&quot;:&quot;youtube&quot;,&quot;controls&quot;:&quot;yes&quot;}\" data-widget_type=\"video.default\">\n\t\t\t\t<div class=\"elementor-widget-container\">\n\t\t\t\t\t<div class=\"elementor-wrapper elementor-open-inline\">\n\t\t\t<div class=\"elementor-video\"><\/div>\t\t<\/div>\n\t\t\t\t<\/div>\n\t\t\t\t<\/div>\n\t\t\t\t\t<\/div>\n\t\t<\/div>\n\t\t\t\t<div class=\"elementor-column elementor-col-50 elementor-top-column elementor-element elementor-element-77e00d0\" data-id=\"77e00d0\" data-element_type=\"column\">\n\t\t\t<div class=\"elementor-widget-wrap elementor-element-populated\">\n\t\t\t\t\t\t<div class=\"elementor-element elementor-element-37681fa elementor-widget elementor-widget-toggle\" data-id=\"37681fa\" data-element_type=\"widget\" data-widget_type=\"toggle.default\">\n\t\t\t\t<div class=\"elementor-widget-container\">\n\t\t\t\t\t<div class=\"elementor-toggle\">\n\t\t\t\t\t\t\t<div class=\"elementor-toggle-item\">\n\t\t\t\t\t<div id=\"elementor-tab-title-5801\" class=\"elementor-tab-title\" data-tab=\"1\" role=\"button\" aria-controls=\"elementor-tab-content-5801\" aria-expanded=\"false\">\n\t\t\t\t\t\t\t\t\t\t\t\t<span class=\"elementor-toggle-icon elementor-toggle-icon-left\" aria-hidden=\"true\">\n\t\t\t\t\t\t\t\t\t\t\t\t\t\t\t<i class=\"elementor-toggle-icon-closed fa fa-caret-right\"><\/i>\n\t\t\t\t\t\t\t\t<i class=\"elementor-toggle-icon-opened fa fa-caret-up\"><\/i>\n\t\t\t\t\t\t\t\t\t\t\t\t\t<\/span>\n\t\t\t\t\t\t\t\t\t\t\t\t<a class=\"elementor-toggle-title\" tabindex=\"0\">Orquesta<\/a>\n\t\t\t\t\t<\/div>\n\n\t\t\t\t\t<div id=\"elementor-tab-content-5801\" class=\"elementor-tab-content elementor-clearfix\" data-tab=\"1\" role=\"region\" aria-labelledby=\"elementor-tab-title-5801\"><p><img fetchpriority=\"high\" decoding=\"async\" class=\"alignnone size-medium wp-image-245 aligncenter\" src=\"https:\/\/boecio.cl\/wp-content\/uploads\/2019\/03\/Foto-Grupo-Camara-Boecio-Orquesta-de-Camara-300x234.jpg\" alt=\"\" width=\"300\" height=\"234\" srcset=\"https:\/\/boecio.cl\/wp-content\/uploads\/2019\/03\/Foto-Grupo-Camara-Boecio-Orquesta-de-Camara-300x234.jpg 300w, https:\/\/boecio.cl\/wp-content\/uploads\/2019\/03\/Foto-Grupo-Camara-Boecio-Orquesta-de-Camara-768x600.jpg 768w, https:\/\/boecio.cl\/wp-content\/uploads\/2019\/03\/Foto-Grupo-Camara-Boecio-Orquesta-de-Camara-1024x800.jpg 1024w\" sizes=\"(max-width: 300px) 100vw, 300px\" \/><\/p><p style=\"text-align: center;\">Ensamble musical de 14 m\u00fasicos o m\u00e1s seg\u00fan requerimientos.<\/p><\/div>\n\t\t\t\t<\/div>\n\t\t\t\t\t\t\t<div class=\"elementor-toggle-item\">\n\t\t\t\t\t<div id=\"elementor-tab-title-5802\" class=\"elementor-tab-title\" data-tab=\"2\" role=\"button\" aria-controls=\"elementor-tab-content-5802\" aria-expanded=\"false\">\n\t\t\t\t\t\t\t\t\t\t\t\t<span class=\"elementor-toggle-icon elementor-toggle-icon-left\" aria-hidden=\"true\">\n\t\t\t\t\t\t\t\t\t\t\t\t\t\t\t<i class=\"elementor-toggle-icon-closed fa fa-caret-right\"><\/i>\n\t\t\t\t\t\t\t\t<i class=\"elementor-toggle-icon-opened fa fa-caret-up\"><\/i>\n\t\t\t\t\t\t\t\t\t\t\t\t\t<\/span>\n\t\t\t\t\t\t\t\t\t\t\t\t<a class=\"elementor-toggle-title\" tabindex=\"0\">Orquesta de C\u00e1mara<\/a>\n\t\t\t\t\t<\/div>\n\n\t\t\t\t\t<div id=\"elementor-tab-content-5802\" class=\"elementor-tab-content elementor-clearfix\" data-tab=\"2\" role=\"region\" aria-labelledby=\"elementor-tab-title-5802\"><p style=\"text-align: center;\"><img decoding=\"async\" class=\"alignnone size-medium wp-image-247\" src=\"https:\/\/boecio.cl\/wp-content\/uploads\/2019\/03\/Orqueta-de-C\u00e1mara-Boecio--300x205.jpg\" alt=\"\" width=\"300\" height=\"205\" srcset=\"https:\/\/boecio.cl\/wp-content\/uploads\/2019\/03\/Orqueta-de-C\u00e1mara-Boecio--300x205.jpg 300w, https:\/\/boecio.cl\/wp-content\/uploads\/2019\/03\/Orqueta-de-C\u00e1mara-Boecio--768x524.jpg 768w, https:\/\/boecio.cl\/wp-content\/uploads\/2019\/03\/Orqueta-de-C\u00e1mara-Boecio--1024x698.jpg 1024w\" sizes=\"(max-width: 300px) 100vw, 300px\" \/><\/p><p style=\"text-align: center;\">Ensamble musical de 9 a 13 m\u00fasicos seg\u00fan requerimientos.<\/p><\/div>\n\t\t\t\t<\/div>\n\t\t\t\t\t\t\t<div class=\"elementor-toggle-item\">\n\t\t\t\t\t<div id=\"elementor-tab-title-5803\" class=\"elementor-tab-title\" data-tab=\"3\" role=\"button\" aria-controls=\"elementor-tab-content-5803\" aria-expanded=\"false\">\n\t\t\t\t\t\t\t\t\t\t\t\t<span class=\"elementor-toggle-icon elementor-toggle-icon-left\" aria-hidden=\"true\">\n\t\t\t\t\t\t\t\t\t\t\t\t\t\t\t<i class=\"elementor-toggle-icon-closed fa fa-caret-right\"><\/i>\n\t\t\t\t\t\t\t\t<i class=\"elementor-toggle-icon-opened fa fa-caret-up\"><\/i>\n\t\t\t\t\t\t\t\t\t\t\t\t\t<\/span>\n\t\t\t\t\t\t\t\t\t\t\t\t<a class=\"elementor-toggle-title\" tabindex=\"0\">Cuarteto Instrumental<\/a>\n\t\t\t\t\t<\/div>\n\n\t\t\t\t\t<div id=\"elementor-tab-content-5803\" class=\"elementor-tab-content elementor-clearfix\" data-tab=\"3\" role=\"region\" aria-labelledby=\"elementor-tab-title-5803\"><p>Cuatro m\u00fasicos de cuerdas o vientos, seg\u00fan requerimientos.<\/p><\/div>\n\t\t\t\t<\/div>\n\t\t\t\t\t\t\t<div class=\"elementor-toggle-item\">\n\t\t\t\t\t<div id=\"elementor-tab-title-5804\" class=\"elementor-tab-title\" data-tab=\"4\" role=\"button\" aria-controls=\"elementor-tab-content-5804\" aria-expanded=\"false\">\n\t\t\t\t\t\t\t\t\t\t\t\t<span class=\"elementor-toggle-icon elementor-toggle-icon-left\" aria-hidden=\"true\">\n\t\t\t\t\t\t\t\t\t\t\t\t\t\t\t<i class=\"elementor-toggle-icon-closed fa fa-caret-right\"><\/i>\n\t\t\t\t\t\t\t\t<i class=\"elementor-toggle-icon-opened fa fa-caret-up\"><\/i>\n\t\t\t\t\t\t\t\t\t\t\t\t\t<\/span>\n\t\t\t\t\t\t\t\t\t\t\t\t<a class=\"elementor-toggle-title\" tabindex=\"0\">Coro<\/a>\n\t\t\t\t\t<\/div>\n\n\t\t\t\t\t<div id=\"elementor-tab-content-5804\" class=\"elementor-tab-content elementor-clearfix\" data-tab=\"4\" role=\"region\" aria-labelledby=\"elementor-tab-title-5804\"><p style=\"text-align: center;\"><img decoding=\"async\" class=\"alignnone size-medium wp-image-250\" src=\"https:\/\/boecio.cl\/wp-content\/uploads\/2019\/03\/CORO-CAMARA-BOECIO-EN-BAS\u00cdLICA-2641-300x196.jpg\" alt=\"\" width=\"300\" height=\"196\" srcset=\"https:\/\/boecio.cl\/wp-content\/uploads\/2019\/03\/CORO-CAMARA-BOECIO-EN-BAS\u00cdLICA-2641-300x196.jpg 300w, https:\/\/boecio.cl\/wp-content\/uploads\/2019\/03\/CORO-CAMARA-BOECIO-EN-BAS\u00cdLICA-2641-768x502.jpg 768w, https:\/\/boecio.cl\/wp-content\/uploads\/2019\/03\/CORO-CAMARA-BOECIO-EN-BAS\u00cdLICA-2641-1024x669.jpg 1024w, https:\/\/boecio.cl\/wp-content\/uploads\/2019\/03\/CORO-CAMARA-BOECIO-EN-BAS\u00cdLICA-2641.jpg 1280w\" sizes=\"(max-width: 300px) 100vw, 300px\" \/><\/p><p style=\"text-align: center;\">Ensamble vocal de 8 a 16 voces, seg\u00fan requerimientos.<\/p><\/div>\n\t\t\t\t<\/div>\n\t\t\t\t\t\t\t<div class=\"elementor-toggle-item\">\n\t\t\t\t\t<div id=\"elementor-tab-title-5805\" class=\"elementor-tab-title\" data-tab=\"5\" role=\"button\" aria-controls=\"elementor-tab-content-5805\" aria-expanded=\"false\">\n\t\t\t\t\t\t\t\t\t\t\t\t<span class=\"elementor-toggle-icon elementor-toggle-icon-left\" aria-hidden=\"true\">\n\t\t\t\t\t\t\t\t\t\t\t\t\t\t\t<i class=\"elementor-toggle-icon-closed fa fa-caret-right\"><\/i>\n\t\t\t\t\t\t\t\t<i class=\"elementor-toggle-icon-opened fa fa-caret-up\"><\/i>\n\t\t\t\t\t\t\t\t\t\t\t\t\t<\/span>\n\t\t\t\t\t\t\t\t\t\t\t\t<a class=\"elementor-toggle-title\" tabindex=\"0\">Cuarteto de Voces<\/a>\n\t\t\t\t\t<\/div>\n\n\t\t\t\t\t<div id=\"elementor-tab-content-5805\" class=\"elementor-tab-content elementor-clearfix\" data-tab=\"5\" role=\"region\" aria-labelledby=\"elementor-tab-title-5805\"><p>Cuatro voces mixtas.<\/p><\/div>\n\t\t\t\t<\/div>\n\t\t\t\t\t\t\t\t<\/div>\n\t\t\t\t<\/div>\n\t\t\t\t<\/div>\n\t\t\t\t\t<\/div>\n\t\t<\/div>\n\t\t\t\t\t<\/div>\n\t\t<\/section>\n\t\t\t\t<section class=\"elementor-section elementor-top-section elementor-element elementor-element-51ef3fd elementor-section-boxed elementor-section-height-default elementor-section-height-default\" data-id=\"51ef3fd\" data-element_type=\"section\">\n\t\t\t\t\t\t<div class=\"elementor-container elementor-column-gap-default\">\n\t\t\t\t\t<div class=\"elementor-column elementor-col-100 elementor-top-column elementor-element elementor-element-7f61a3f\" data-id=\"7f61a3f\" data-element_type=\"column\">\n\t\t\t<div class=\"elementor-widget-wrap\">\n\t\t\t\t\t\t\t<\/div>\n\t\t<\/div>\n\t\t\t\t\t<\/div>\n\t\t<\/section>\n\t\t\t\t<\/div>\n\t\t","protected":false},"excerpt":{"rendered":"<p>Orquesta Ensamble musical de 14 m\u00fasicos o m\u00e1s seg\u00fan requerimientos. Orquesta de C\u00e1mara Ensamble musical de 9 a 13 m\u00fasicos seg\u00fan requerimientos. Cuarteto Instrumental Cuatro m\u00fasicos de cuerdas o vientos, seg\u00fan requerimientos. Coro Ensamble vocal de 8 a 16 voces, seg\u00fan requerimientos. Cuarteto de Voces Cuatro voces mixtas.<\/p>\n","protected":false},"author":1,"featured_media":0,"parent":0,"menu_order":0,"comment_status":"closed","ping_status":"closed","template":"","meta":{"footnotes":""},"_links":{"self":[{"href":"https:\/\/boecio.cl\/index.php?rest_route=\/wp\/v2\/pages\/51"}],"collection":[{"href":"https:\/\/boecio.cl\/index.php?rest_route=\/wp\/v2\/pages"}],"about":[{"href":"https:\/\/boecio.cl\/index.php?rest_route=\/wp\/v2\/types\/page"}],"author":[{"embeddable":true,"href":"https:\/\/boecio.cl\/index.php?rest_route=\/wp\/v2\/users\/1"}],"replies":[{"embeddable":true,"href":"https:\/\/boecio.cl\/index.php?rest_route=%2Fwp%2Fv2%2Fcomments&post=51"}],"version-history":[{"count":10,"href":"https:\/\/boecio.cl\/index.php?rest_route=\/wp\/v2\/pages\/51\/revisions"}],"predecessor-version":[{"id":275,"href":"https:\/\/boecio.cl\/index.php?rest_route=\/wp\/v2\/pages\/51\/revisions\/275"}],"wp:attachment":[{"href":"https:\/\/boecio.cl\/index.php?rest_route=%2Fwp%2Fv2%2Fmedia&parent=51"}],"curies":[{"name":"wp","href":"https:\/\/api.w.org\/{rel}","templated":true}]}}