{"id":8,"date":"2019-03-08T19:19:04","date_gmt":"2019-03-08T22:19:04","guid":{"rendered":"http:\/\/boecio.cl\/?page_id=8"},"modified":"2019-04-02T19:22:57","modified_gmt":"2019-04-02T22:22:57","slug":"nosotros","status":"publish","type":"page","link":"https:\/\/boecio.cl\/?page_id=8","title":{"rendered":"Nosotros"},"content":{"rendered":"\t\t<div data-elementor-type=\"wp-post\" data-elementor-id=\"8\" class=\"elementor elementor-8 elementor-bc-flex-widget\">\n\t\t\t\t\t\t<section class=\"elementor-section elementor-top-section elementor-element elementor-element-eb38216 elementor-section-boxed elementor-section-height-default elementor-section-height-default\" data-id=\"eb38216\" data-element_type=\"section\">\n\t\t\t\t\t\t<div class=\"elementor-container elementor-column-gap-default\">\n\t\t\t\t\t<div class=\"elementor-column elementor-col-100 elementor-top-column elementor-element elementor-element-2a42874\" data-id=\"2a42874\" data-element_type=\"column\">\n\t\t\t<div class=\"elementor-widget-wrap elementor-element-populated\">\n\t\t\t\t\t\t<div class=\"elementor-element elementor-element-4cfabc6 elementor-widget elementor-widget-image\" data-id=\"4cfabc6\" data-element_type=\"widget\" data-widget_type=\"image.default\">\n\t\t\t\t<div class=\"elementor-widget-container\">\n\t\t\t\t\t\t\t\t\t\t\t\t\t<img fetchpriority=\"high\" decoding=\"async\" width=\"640\" height=\"378\" src=\"https:\/\/boecio.cl\/wp-content\/uploads\/2019\/03\/GCB-Orquesta-y-Coro.jpg\" class=\"attachment-large size-large wp-image-227\" alt=\"\" srcset=\"https:\/\/boecio.cl\/wp-content\/uploads\/2019\/03\/GCB-Orquesta-y-Coro.jpg 818w, https:\/\/boecio.cl\/wp-content\/uploads\/2019\/03\/GCB-Orquesta-y-Coro-300x177.jpg 300w, https:\/\/boecio.cl\/wp-content\/uploads\/2019\/03\/GCB-Orquesta-y-Coro-768x453.jpg 768w\" sizes=\"(max-width: 640px) 100vw, 640px\" \/>\t\t\t\t\t\t\t\t\t\t\t\t\t<\/div>\n\t\t\t\t<\/div>\n\t\t\t\t\t<\/div>\n\t\t<\/div>\n\t\t\t\t\t<\/div>\n\t\t<\/section>\n\t\t\t\t<section class=\"elementor-section elementor-top-section elementor-element elementor-element-6a5ac34 elementor-section-boxed elementor-section-height-default elementor-section-height-default\" data-id=\"6a5ac34\" data-element_type=\"section\">\n\t\t\t\t\t\t<div class=\"elementor-container elementor-column-gap-default\">\n\t\t\t\t\t<div class=\"elementor-column elementor-col-100 elementor-top-column elementor-element elementor-element-20c2149\" data-id=\"20c2149\" data-element_type=\"column\">\n\t\t\t<div class=\"elementor-widget-wrap elementor-element-populated\">\n\t\t\t\t\t\t<div class=\"elementor-element elementor-element-1a38958 elementor-widget elementor-widget-text-editor\" data-id=\"1a38958\" data-element_type=\"widget\" data-widget_type=\"text-editor.default\">\n\t\t\t\t<div class=\"elementor-widget-container\">\n\t\t\t\t\t\t\t<p dir=\"ltr\">Desde su fundaci\u00f3n, en el a\u00f1o 2013, Grupo C\u00e1mara Boecio ha realizado permanentes aportes al pa\u00eds con sus temporadas de conciertos, proyectos y eventos sum\u00e1ndose a la oferta cultural con estrenos y actividades\u00a0de gran calidad participando con destacados profesionales del medio nacional y obteniendo excelentes resultados en el \u00e1mbito de la gesti\u00f3n que nos han permitido acceder a fondos p\u00fablicos y colaborar con diferentes instituciones y la empresa privada. \u00a0<\/p><p>Fundaci\u00f3n Cultural de Providencia, Corporaci\u00f3n Propirque, Corporaci\u00f3n del Patrimonio Religioso y Cultural de Chile, Corporaci\u00f3n Teatral de Chile (CORTECH), ONG Triangulum Australe, Museo Nacional de Bellas Artes, Club de la Uni\u00f3n,Club de la Rep\u00fablica, Empresa ENGIE , Empresa ENTEL, FCFM Universidad de Chile, Universidad Tecnol\u00f3gica Metropolitana del Estado de Chile (UTEM) entre otras.<\/p><h4>Misi\u00f3n<\/h4><p>Apoyar a las instituciones en las necesidades de proyecci\u00f3n cultural que estimen apropiadas para fortalecer sus lineamientos estrat\u00e9gicos con servicios de alto valor art\u00edstico.<\/p><h4>Visi\u00f3n<\/h4><p>Fortalecer y promover un estado de bienestar en la poblaci\u00f3n chilena, abarcando diferentes territorios, personas y grupos sociales a trav\u00e9s de acciones en el \u00e1mbito cultural promoviendo el desarrollo de las artes y el patrimonio, buscando alternativas para un equitativo acceso y participaci\u00f3n de las personas.<\/p>\t\t\t\t\t\t<\/div>\n\t\t\t\t<\/div>\n\t\t\t\t\t<\/div>\n\t\t<\/div>\n\t\t\t\t\t<\/div>\n\t\t<\/section>\n\t\t\t\t<\/div>\n\t\t","protected":false},"excerpt":{"rendered":"<p>Desde su fundaci\u00f3n, en el a\u00f1o 2013, Grupo C\u00e1mara Boecio ha realizado permanentes aportes al pa\u00eds con sus temporadas de conciertos, proyectos y eventos sum\u00e1ndose a la oferta cultural con estrenos y actividades\u00a0de gran calidad participando con destacados profesionales del medio nacional y obteniendo excelentes resultados en el \u00e1mbito de la gesti\u00f3n que nos han [&hellip;]<\/p>\n","protected":false},"author":1,"featured_media":0,"parent":0,"menu_order":0,"comment_status":"closed","ping_status":"closed","template":"","meta":{"footnotes":""},"_links":{"self":[{"href":"https:\/\/boecio.cl\/index.php?rest_route=\/wp\/v2\/pages\/8"}],"collection":[{"href":"https:\/\/boecio.cl\/index.php?rest_route=\/wp\/v2\/pages"}],"about":[{"href":"https:\/\/boecio.cl\/index.php?rest_route=\/wp\/v2\/types\/page"}],"author":[{"embeddable":true,"href":"https:\/\/boecio.cl\/index.php?rest_route=\/wp\/v2\/users\/1"}],"replies":[{"embeddable":true,"href":"https:\/\/boecio.cl\/index.php?rest_route=%2Fwp%2Fv2%2Fcomments&post=8"}],"version-history":[{"count":22,"href":"https:\/\/boecio.cl\/index.php?rest_route=\/wp\/v2\/pages\/8\/revisions"}],"predecessor-version":[{"id":269,"href":"https:\/\/boecio.cl\/index.php?rest_route=\/wp\/v2\/pages\/8\/revisions\/269"}],"wp:attachment":[{"href":"https:\/\/boecio.cl\/index.php?rest_route=%2Fwp%2Fv2%2Fmedia&parent=8"}],"curies":[{"name":"wp","href":"https:\/\/api.w.org\/{rel}","templated":true}]}}